{"id":8,"date":"2024-03-04T14:02:42","date_gmt":"2024-03-04T14:02:42","guid":{"rendered":"https:\/\/egesudergida.com\/?page_id=8"},"modified":"2024-03-06T19:42:13","modified_gmt":"2024-03-06T19:42:13","slug":"home","status":"publish","type":"page","link":"https:\/\/egesudergida.com\/","title":{"rendered":"&#8220;Ege Suder Mutfa\u011f\u0131n\u0131z\u0131n \u00c7\u00f6z\u00fcm Orta\u011f\u0131&#8221;"},"content":{"rendered":"\n<h2 class=\"wp-block-heading\">Ho\u015f Geldiniz!<\/h2>\n\n\n\n<div class=\"wp-block-columns is-layout-flex wp-container-core-columns-is-layout-28f84493 wp-block-columns-is-layout-flex\">\n<div class=\"wp-block-column is-layout-flow wp-block-column-is-layout-flow\" style=\"flex-basis:100%\">\n<div class=\"wp-block-group is-layout-constrained wp-block-group-is-layout-constrained\">\n<p>Sizlere kalite ve tazelik garantisiyle sundu\u011fumuz enfes g\u0131da \u00fcr\u00fcnlerimizle tekrar buraday\u0131z! G\u00fcn ge\u00e7tik\u00e7e b\u00fcy\u00fcyen ailemize ho\u015f geldiniz. Lezzetin pe\u015finden ko\u015fanlar\u0131 burada a\u011f\u0131rlamaktan mutluluk duyuyoruz.<\/p>\n\n\n\n<p><\/p>\n<\/div>\n<\/div>\n<\/div>\n\n\n\n<h5 class=\"wp-block-heading\">Sa\u011fl\u0131kl\u0131 ve Lezzet Dolu Al\u0131\u015fveri\u015fler<\/h5>\n\n\n\n<p><strong>Fresh \u00dcr\u00fcnler:<\/strong> En taze meyve ve sebzeleri sa\u011fl\u0131\u011f\u0131n\u0131z i\u00e7in \u00f6zenle se\u00e7iyoruz. Sofran\u0131z\u0131 renklendirmek ve vitamin deposu taze \u00fcr\u00fcnlerle bulu\u015fturmak istiyorsan\u0131z, do\u011fru adrestesiniz.<\/p>\n\n\n\n<p><strong>Y\u00f6resel \u00dcr\u00fcnler:<\/strong> Do\u011fadan sofran\u0131za, hi\u00e7bir kimyasal i\u00e7ermeyen \u00fcr\u00fcnlerimizle sa\u011fl\u0131kl\u0131 ya\u015fam\u0131n kap\u0131lar\u0131n\u0131 aralay\u0131n. Titizlikle haz\u0131rlanan lezzetleri sizlere sunmaktan gurur duyuyoruz.<\/p>\n\n\n\n<p><strong>Gurme At\u0131\u015ft\u0131rmal\u0131klar:<\/strong> Ac\u0131kt\u0131\u011f\u0131n\u0131zda veya ara \u00f6\u011f\u00fcnlerde keyifli at\u0131\u015ft\u0131rmal\u0131klar ar\u0131yorsan\u0131z, \u00f6zenle haz\u0131rlad\u0131\u011f\u0131m\u0131z gurme at\u0131\u015ft\u0131rmal\u0131klar\u0131m\u0131zla tan\u0131\u015f\u0131n. Her \u0131s\u0131r\u0131k, keyif dolu bir mola demek!<\/p>\n\n\n\n<p><\/p>\n\n\n\n<h5 class=\"wp-block-heading\">G\u00fcvenilir ve H\u0131zl\u0131 Teslimat<\/h5>\n\n\n\n<p>G\u00fcvenilir ve h\u0131zl\u0131 teslimat anlay\u0131\u015f\u0131m\u0131zla size kaliteli bir hizmet sunmaktay\u0131z.<\/p>\n\n\n\n<p>Lezzet dolu al\u0131\u015fveri\u015fler ve sa\u011fl\u0131kl\u0131 g\u00fcnler dileriz!<\/p>\n\n\n\n<div class=\"wp-block-columns is-layout-flex wp-container-core-columns-is-layout-28f84493 wp-block-columns-is-layout-flex\">\n<div class=\"wp-block-column is-layout-flow wp-block-column-is-layout-flow\" style=\"flex-basis:100%\">\n<div class=\"wp-block-group is-layout-constrained wp-block-group-is-layout-constrained\">\n<div class=\"wp-block-columns is-layout-flex wp-container-core-columns-is-layout-28f84493 wp-block-columns-is-layout-flex\">\n<div class=\"wp-block-column is-vertically-aligned-center is-layout-flow wp-block-column-is-layout-flow\">\n<figure class=\"wp-block-image aligncenter size-full\"><a href=\"https:\/\/egesudergida.com\/?page_id=259\"><img decoding=\"async\" src=\"https:\/\/egesudergida.com\/wp-content\/uploads\/2024\/03\/kahvalti-1-1.jpeg\" alt=\"\" class=\"wp-image-162\"\/><\/a><\/figure>\n\n\n\n<h3 class=\"wp-block-heading has-text-align-center has-inter-font-family has-upper-heading-font-size\" style=\"font-style:normal;font-weight:600\">Kahvalt\u0131l\u0131k \u00dcr\u00fcnler<\/h3>\n<\/div>\n\n\n\n<div class=\"wp-block-column is-vertically-aligned-center is-layout-flow wp-block-column-is-layout-flow\">\n<figure class=\"wp-block-image aligncenter size-full\"><a href=\"https:\/\/egesudergida.com\/?page_id=261\"><img loading=\"lazy\" decoding=\"async\" width=\"275\" height=\"183\" src=\"https:\/\/egesudergida.com\/wp-content\/uploads\/2024\/03\/et-ve-Sut-urunleri-3.jpeg\" alt=\"\" class=\"wp-image-152\"\/><\/a><\/figure>\n\n\n\n<h3 class=\"wp-block-heading has-text-align-center has-inter-font-family has-upper-heading-font-size\" style=\"font-style:normal;font-weight:600\">Et ve S\u00fct \u00dcr\u00fcnleri<\/h3>\n<\/div>\n\n\n\n<div class=\"wp-block-column is-vertically-aligned-center is-layout-flow wp-block-column-is-layout-flow\">\n<figure class=\"wp-block-image aligncenter size-full\"><a href=\"https:\/\/egesudergida.com\/?page_id=268\"><img loading=\"lazy\" decoding=\"async\" width=\"1920\" height=\"900\" src=\"https:\/\/egesudergida.com\/wp-content\/uploads\/2024\/03\/dondurulmus-sebze-ve-meyve.jpg\" alt=\"\" class=\"wp-image-156\" srcset=\"https:\/\/egesudergida.com\/wp-content\/uploads\/2024\/03\/dondurulmus-sebze-ve-meyve.jpg 1920w, https:\/\/egesudergida.com\/wp-content\/uploads\/2024\/03\/dondurulmus-sebze-ve-meyve-300x141.jpg 300w, https:\/\/egesudergida.com\/wp-content\/uploads\/2024\/03\/dondurulmus-sebze-ve-meyve-1024x480.jpg 1024w, https:\/\/egesudergida.com\/wp-content\/uploads\/2024\/03\/dondurulmus-sebze-ve-meyve-768x360.jpg 768w, https:\/\/egesudergida.com\/wp-content\/uploads\/2024\/03\/dondurulmus-sebze-ve-meyve-1536x720.jpg 1536w\" sizes=\"auto, (max-width: 1920px) 100vw, 1920px\" \/><\/a><\/figure>\n\n\n\n<h3 class=\"wp-block-heading has-text-align-center has-inter-font-family has-upper-heading-font-size\" style=\"font-style:normal;font-weight:600\">Donmu\u015f G\u0131da \u00dcr\u00fcnleri<\/h3>\n<\/div>\n\n\n\n<div class=\"wp-block-column is-vertically-aligned-center is-layout-flow wp-block-column-is-layout-flow\">\n<figure class=\"wp-block-image aligncenter size-full\"><a href=\"https:\/\/egesudergida.com\/?page_id=271\"><img loading=\"lazy\" decoding=\"async\" width=\"1000\" height=\"679\" src=\"https:\/\/egesudergida.com\/wp-content\/uploads\/2024\/03\/kuruyemis-1.jpg\" alt=\"\" class=\"wp-image-153\" srcset=\"https:\/\/egesudergida.com\/wp-content\/uploads\/2024\/03\/kuruyemis-1.jpg 1000w, https:\/\/egesudergida.com\/wp-content\/uploads\/2024\/03\/kuruyemis-1-300x204.jpg 300w, https:\/\/egesudergida.com\/wp-content\/uploads\/2024\/03\/kuruyemis-1-768x521.jpg 768w\" sizes=\"auto, (max-width: 1000px) 100vw, 1000px\" \/><\/a><\/figure>\n\n\n\n<h3 class=\"wp-block-heading has-text-align-center has-inter-font-family has-upper-heading-font-size\" style=\"font-style:normal;font-weight:600\">Kuruyemi\u015fler<\/h3>\n<\/div>\n<\/div>\n<\/div>\n<\/div>\n<\/div>\n\n\n\n<div class=\"wp-block-columns is-layout-flex wp-container-core-columns-is-layout-28f84493 wp-block-columns-is-layout-flex\">\n<div class=\"wp-block-column is-vertically-aligned-center is-layout-flow wp-block-column-is-layout-flow\">\n<figure class=\"wp-block-image aligncenter size-full\"><a href=\"https:\/\/egesudergida.com\/?page_id=274\"><img loading=\"lazy\" decoding=\"async\" width=\"768\" height=\"623\" src=\"https:\/\/egesudergida.com\/wp-content\/uploads\/2024\/03\/ithal-urunler-1.jpg\" alt=\"\" class=\"wp-image-155\" srcset=\"https:\/\/egesudergida.com\/wp-content\/uploads\/2024\/03\/ithal-urunler-1.jpg 768w, https:\/\/egesudergida.com\/wp-content\/uploads\/2024\/03\/ithal-urunler-1-300x243.jpg 300w\" sizes=\"auto, (max-width: 768px) 100vw, 768px\" \/><\/a><\/figure>\n\n\n\n<h3 class=\"wp-block-heading has-text-align-center has-inter-font-family has-upper-heading-font-size\" style=\"font-style:normal;font-weight:600\">\u0130thal \u00dcr\u00fcnler<\/h3>\n<\/div>\n\n\n\n<div class=\"wp-block-column is-vertically-aligned-center is-layout-flow wp-block-column-is-layout-flow\">\n<figure class=\"wp-block-image aligncenter size-full\"><a href=\"https:\/\/egesudergida.com\/?page_id=277\"><img loading=\"lazy\" decoding=\"async\" width=\"612\" height=\"408\" src=\"https:\/\/egesudergida.com\/wp-content\/uploads\/2024\/03\/temel-gida.jpeg\" alt=\"\" class=\"wp-image-164\" srcset=\"https:\/\/egesudergida.com\/wp-content\/uploads\/2024\/03\/temel-gida.jpeg 612w, https:\/\/egesudergida.com\/wp-content\/uploads\/2024\/03\/temel-gida-300x200.jpeg 300w\" sizes=\"auto, (max-width: 612px) 100vw, 612px\" \/><\/a><\/figure>\n\n\n\n<h3 class=\"wp-block-heading has-text-align-center has-inter-font-family has-upper-heading-font-size\" style=\"font-style:normal;font-weight:600\">Temel G\u0131da \u00dcr\u00fcnleri<\/h3>\n<\/div>\n\n\n\n<div class=\"wp-block-column is-vertically-aligned-center is-layout-flow wp-block-column-is-layout-flow\">\n<figure class=\"wp-block-image aligncenter size-full\"><a href=\"https:\/\/egesudergida.com\/?page_id=280\"><img loading=\"lazy\" decoding=\"async\" width=\"2560\" height=\"1707\" src=\"https:\/\/egesudergida.com\/wp-content\/uploads\/2024\/03\/pexels-julia-volk-5273033-scaled.jpg\" alt=\"\" class=\"wp-image-149\" srcset=\"https:\/\/egesudergida.com\/wp-content\/uploads\/2024\/03\/pexels-julia-volk-5273033-scaled.jpg 2560w, https:\/\/egesudergida.com\/wp-content\/uploads\/2024\/03\/pexels-julia-volk-5273033-300x200.jpg 300w, https:\/\/egesudergida.com\/wp-content\/uploads\/2024\/03\/pexels-julia-volk-5273033-1024x683.jpg 1024w, https:\/\/egesudergida.com\/wp-content\/uploads\/2024\/03\/pexels-julia-volk-5273033-768x512.jpg 768w, https:\/\/egesudergida.com\/wp-content\/uploads\/2024\/03\/pexels-julia-volk-5273033-1536x1024.jpg 1536w, https:\/\/egesudergida.com\/wp-content\/uploads\/2024\/03\/pexels-julia-volk-5273033-2048x1365.jpg 2048w\" sizes=\"auto, (max-width: 2560px) 100vw, 2560px\" \/><\/a><\/figure>\n\n\n\n<h3 class=\"wp-block-heading has-text-align-center has-inter-font-family has-upper-heading-font-size\" style=\"font-style:normal;font-weight:600\">Baharatlar<\/h3>\n<\/div>\n\n\n\n<div class=\"wp-block-column is-vertically-aligned-center is-layout-flow wp-block-column-is-layout-flow\">\n<figure class=\"wp-block-image aligncenter size-full\"><a href=\"https:\/\/egesudergida.com\/?page_id=256\" rel=\"\u015eark\u00fcteri \u00dcr\u00fcnleri\"><img loading=\"lazy\" decoding=\"async\" width=\"612\" height=\"408\" src=\"https:\/\/egesudergida.com\/wp-content\/uploads\/2024\/03\/sarkuteri-1.jpeg\" alt=\"\" class=\"wp-image-165\" srcset=\"https:\/\/egesudergida.com\/wp-content\/uploads\/2024\/03\/sarkuteri-1.jpeg 612w, https:\/\/egesudergida.com\/wp-content\/uploads\/2024\/03\/sarkuteri-1-300x200.jpeg 300w\" sizes=\"auto, (max-width: 612px) 100vw, 612px\" \/><\/a><\/figure>\n\n\n\n<h3 class=\"wp-block-heading has-text-align-center has-inter-font-family has-upper-heading-font-size\" style=\"font-style:normal;font-weight:600\">\u015eark\u00fcteri \u00dcr\u00fcnleri<\/h3>\n<\/div>\n<\/div>\n\n\n\n<div class=\"wp-block-columns is-layout-flex wp-container-core-columns-is-layout-28f84493 wp-block-columns-is-layout-flex\">\n<div class=\"wp-block-column is-layout-flow wp-block-column-is-layout-flow\">\n<figure class=\"wp-block-image aligncenter size-full is-resized\"><a href=\"https:\/\/egesudergida.com\/?page_id=287\"><img loading=\"lazy\" decoding=\"async\" width=\"723\" height=\"606\" src=\"https:\/\/egesudergida.com\/wp-content\/uploads\/2024\/03\/WhatsApp-Image-2024-03-06-at-16.16.14.jpeg\" alt=\"\" class=\"wp-image-233\" style=\"width:224px;height:auto\" srcset=\"https:\/\/egesudergida.com\/wp-content\/uploads\/2024\/03\/WhatsApp-Image-2024-03-06-at-16.16.14.jpeg 723w, https:\/\/egesudergida.com\/wp-content\/uploads\/2024\/03\/WhatsApp-Image-2024-03-06-at-16.16.14-300x251.jpeg 300w\" sizes=\"auto, (max-width: 723px) 100vw, 723px\" \/><\/a><\/figure>\n\n\n\n<h3 class=\"wp-block-heading has-text-align-center has-inter-font-family has-upper-heading-font-size\" style=\"font-style:normal;font-weight:600\">Unlu Mam\u00fcller<\/h3>\n<\/div>\n<\/div>\n","protected":false},"excerpt":{"rendered":"<p>Ho\u015f Geldiniz! Sizlere kalite ve tazelik garantisiyle sundu\u011fumuz enfes g\u0131da \u00fcr\u00fcnlerimizle tekrar buraday\u0131z! G\u00fcn ge\u00e7tik\u00e7e b\u00fcy\u00fcyen ailemize ho\u015f geldiniz. Lezzetin pe\u015finden ko\u015fanlar\u0131 burada a\u011f\u0131rlamaktan mutluluk duyuyoruz. Sa\u011fl\u0131kl\u0131 ve Lezzet Dolu Al\u0131\u015fveri\u015fler Fresh \u00dcr\u00fcnler: En taze meyve ve sebzeleri sa\u011fl\u0131\u011f\u0131n\u0131z i\u00e7in \u00f6zenle se\u00e7iyoruz. Sofran\u0131z\u0131 renklendirmek ve vitamin deposu taze \u00fcr\u00fcnlerle bulu\u015fturmak istiyorsan\u0131z, do\u011fru adrestesiniz. Y\u00f6resel \u00dcr\u00fcnler: [&hellip;]<\/p>\n","protected":false},"author":1,"featured_media":0,"parent":0,"menu_order":0,"comment_status":"closed","ping_status":"closed","template":"templates\/template-homepage.php","meta":{"footnotes":""},"class_list":["post-8","page","type-page","status-publish","hentry"],"_links":{"self":[{"href":"https:\/\/egesudergida.com\/index.php?rest_route=\/wp\/v2\/pages\/8","targetHints":{"allow":["GET"]}}],"collection":[{"href":"https:\/\/egesudergida.com\/index.php?rest_route=\/wp\/v2\/pages"}],"about":[{"href":"https:\/\/egesudergida.com\/index.php?rest_route=\/wp\/v2\/types\/page"}],"author":[{"embeddable":true,"href":"https:\/\/egesudergida.com\/index.php?rest_route=\/wp\/v2\/users\/1"}],"replies":[{"embeddable":true,"href":"https:\/\/egesudergida.com\/index.php?rest_route=%2Fwp%2Fv2%2Fcomments&post=8"}],"version-history":[{"count":23,"href":"https:\/\/egesudergida.com\/index.php?rest_route=\/wp\/v2\/pages\/8\/revisions"}],"predecessor-version":[{"id":319,"href":"https:\/\/egesudergida.com\/index.php?rest_route=\/wp\/v2\/pages\/8\/revisions\/319"}],"wp:attachment":[{"href":"https:\/\/egesudergida.com\/index.php?rest_route=%2Fwp%2Fv2%2Fmedia&parent=8"}],"curies":[{"name":"wp","href":"https:\/\/api.w.org\/{rel}","templated":true}]}}