{"id":50,"date":"2024-03-06T12:31:31","date_gmt":"2024-03-06T12:31:31","guid":{"rendered":"https:\/\/egesudergida.com\/?page_id=50"},"modified":"2024-03-06T12:39:53","modified_gmt":"2024-03-06T12:39:53","slug":"hakkimizda","status":"publish","type":"page","link":"https:\/\/egesudergida.com\/?page_id=50","title":{"rendered":"Hakk\u0131m\u0131zda"},"content":{"rendered":"\n<h2 class=\"wp-block-heading\"><\/h2>\n\n\n\n<p>\u015eirketimiz sekt\u00f6rde tecr\u00fcbesi ile ad\u0131ndan bahsettiren iki ayr\u0131 \u015fireketin 2008 y\u0131l\u0131nda yapt\u0131\u011f\u0131 i\u015f birli\u011fi ile yeniden yap\u0131lanm\u0131\u015f ve faaliyete ba\u015flam\u0131\u015ft\u0131r.<\/p>\n\n\n\n<p class=\"has-text-align-left\">Ev d\u0131\u015f\u0131 t\u00fcketim sekt\u00f6r\u00fcnde T\u00fcrkiye&#8217;nin \u00f6nc\u00fc firmalar\u0131yla \u00e7al\u0131\u015fan \u015firketimiz, alan\u0131nda uzman kadrosuyla, siz de\u011ferli i\u015f ortaklar\u0131m\u0131za hizmet vermektedir. Yiyecek sekt\u00f6r\u00fcn\u00fcn \u00f6nemli pazar pay\u0131na sahip olan firmalara da tedarik sa\u011flayan \u015firketimiz, T\u00fcrkiye&#8217;de geni\u015f bir m\u00fc\u015fteri a\u011f\u0131na imza at\u0131yor. So\u011fuk zincir da\u011f\u0131t\u0131m a\u011f\u0131m\u0131z t\u00fcm Ege B\u00f6lgesi ve sahil kesiminde hizmet vermektedir. <\/p>\n\n\n\n<p>M\u00fc\u015fteri odakl\u0131 \u00e7al\u0131\u015fan sa\u011fl\u0131\u011f\u0131n\u0131z\u0131 \u00f6n planda tutan prezentabl kadromuzla yenilenen ve geli\u015fen \u015firketimiz sizlere de hizmet vermekten gurur duyar.<\/p>\n\n\n\n<hr class=\"wp-block-separator has-alpha-channel-opacity\"\/>\n","protected":false},"excerpt":{"rendered":"<p>\u015eirketimiz sekt\u00f6rde tecr\u00fcbesi ile ad\u0131ndan bahsettiren iki ayr\u0131 \u015fireketin 2008 y\u0131l\u0131nda yapt\u0131\u011f\u0131 i\u015f birli\u011fi ile yeniden yap\u0131lanm\u0131\u015f ve faaliyete ba\u015flam\u0131\u015ft\u0131r. Ev d\u0131\u015f\u0131 t\u00fcketim sekt\u00f6r\u00fcnde T\u00fcrkiye&#8217;nin \u00f6nc\u00fc firmalar\u0131yla \u00e7al\u0131\u015fan \u015firketimiz, alan\u0131nda uzman kadrosuyla, siz de\u011ferli i\u015f ortaklar\u0131m\u0131za hizmet vermektedir. Yiyecek sekt\u00f6r\u00fcn\u00fcn \u00f6nemli pazar pay\u0131na sahip olan firmalara da tedarik sa\u011flayan \u015firketimiz, T\u00fcrkiye&#8217;de geni\u015f bir m\u00fc\u015fteri a\u011f\u0131na [&hellip;]<\/p>\n","protected":false},"author":1,"featured_media":0,"parent":0,"menu_order":0,"comment_status":"closed","ping_status":"closed","template":"","meta":{"footnotes":""},"class_list":["post-50","page","type-page","status-publish","hentry"],"_links":{"self":[{"href":"https:\/\/egesudergida.com\/index.php?rest_route=\/wp\/v2\/pages\/50","targetHints":{"allow":["GET"]}}],"collection":[{"href":"https:\/\/egesudergida.com\/index.php?rest_route=\/wp\/v2\/pages"}],"about":[{"href":"https:\/\/egesudergida.com\/index.php?rest_route=\/wp\/v2\/types\/page"}],"author":[{"embeddable":true,"href":"https:\/\/egesudergida.com\/index.php?rest_route=\/wp\/v2\/users\/1"}],"replies":[{"embeddable":true,"href":"https:\/\/egesudergida.com\/index.php?rest_route=%2Fwp%2Fv2%2Fcomments&post=50"}],"version-history":[{"count":5,"href":"https:\/\/egesudergida.com\/index.php?rest_route=\/wp\/v2\/pages\/50\/revisions"}],"predecessor-version":[{"id":222,"href":"https:\/\/egesudergida.com\/index.php?rest_route=\/wp\/v2\/pages\/50\/revisions\/222"}],"wp:attachment":[{"href":"https:\/\/egesudergida.com\/index.php?rest_route=%2Fwp%2Fv2%2Fmedia&parent=50"}],"curies":[{"name":"wp","href":"https:\/\/api.w.org\/{rel}","templated":true}]}}