{"id":316,"date":"2024-03-06T19:41:12","date_gmt":"2024-03-06T19:41:12","guid":{"rendered":"https:\/\/egesudergida.com\/?page_id=316"},"modified":"2024-03-06T20:21:52","modified_gmt":"2024-03-06T20:21:52","slug":"bayiliklerimiz","status":"publish","type":"page","link":"https:\/\/egesudergida.com\/?page_id=316","title":{"rendered":"\u0130\u015f Ortaklar\u0131m\u0131z"},"content":{"rendered":"\n<p>Firman\u0131n ba\u015far\u0131s\u0131na ortak olun! Bayilik a\u011f\u0131m\u0131z, kaliteli \u00fcr\u00fcnleri ve g\u00fc\u00e7l\u00fc marka de\u011ferini payla\u015fan giri\u015fimcilerle b\u00fcy\u00fcyor. Sekt\u00f6rdeki deneyimimiz ve m\u00fc\u015fteri memnuniyeti odakl\u0131 anlay\u0131\u015f\u0131m\u0131zla, bayiliklerimiz i\u00e7in benzersiz f\u0131rsatlar sunuyoruz. G\u00fc\u00e7l\u00fc bir markan\u0131n par\u00e7as\u0131 olmak, yerel pazarda ba\u015far\u0131ya ula\u015fmak ve k\u00e2rl\u0131 bir i\u015f ortakl\u0131\u011f\u0131 kurmak i\u00e7in bize kat\u0131l\u0131n. Bayiliklerimizle birlikte, ba\u015far\u0131ya birlikte y\u00fcr\u00fcyoruz!<\/p>\n\n\n\n<hr class=\"wp-block-separator aligncenter has-alpha-channel-opacity\"\/>\n","protected":false},"excerpt":{"rendered":"<p>Firman\u0131n ba\u015far\u0131s\u0131na ortak olun! Bayilik a\u011f\u0131m\u0131z, kaliteli \u00fcr\u00fcnleri ve g\u00fc\u00e7l\u00fc marka de\u011ferini payla\u015fan giri\u015fimcilerle b\u00fcy\u00fcyor. Sekt\u00f6rdeki deneyimimiz ve m\u00fc\u015fteri memnuniyeti odakl\u0131 anlay\u0131\u015f\u0131m\u0131zla, bayiliklerimiz i\u00e7in benzersiz f\u0131rsatlar sunuyoruz. G\u00fc\u00e7l\u00fc bir markan\u0131n par\u00e7as\u0131 olmak, yerel pazarda ba\u015far\u0131ya ula\u015fmak ve k\u00e2rl\u0131 bir i\u015f ortakl\u0131\u011f\u0131 kurmak i\u00e7in bize kat\u0131l\u0131n. Bayiliklerimizle birlikte, ba\u015far\u0131ya birlikte y\u00fcr\u00fcyoruz!<\/p>\n","protected":false},"author":1,"featured_media":0,"parent":0,"menu_order":0,"comment_status":"closed","ping_status":"closed","template":"","meta":{"footnotes":""},"class_list":["post-316","page","type-page","status-publish","hentry"],"_links":{"self":[{"href":"https:\/\/egesudergida.com\/index.php?rest_route=\/wp\/v2\/pages\/316","targetHints":{"allow":["GET"]}}],"collection":[{"href":"https:\/\/egesudergida.com\/index.php?rest_route=\/wp\/v2\/pages"}],"about":[{"href":"https:\/\/egesudergida.com\/index.php?rest_route=\/wp\/v2\/types\/page"}],"author":[{"embeddable":true,"href":"https:\/\/egesudergida.com\/index.php?rest_route=\/wp\/v2\/users\/1"}],"replies":[{"embeddable":true,"href":"https:\/\/egesudergida.com\/index.php?rest_route=%2Fwp%2Fv2%2Fcomments&post=316"}],"version-history":[{"count":10,"href":"https:\/\/egesudergida.com\/index.php?rest_route=\/wp\/v2\/pages\/316\/revisions"}],"predecessor-version":[{"id":342,"href":"https:\/\/egesudergida.com\/index.php?rest_route=\/wp\/v2\/pages\/316\/revisions\/342"}],"wp:attachment":[{"href":"https:\/\/egesudergida.com\/index.php?rest_route=%2Fwp%2Fv2%2Fmedia&parent=316"}],"curies":[{"name":"wp","href":"https:\/\/api.w.org\/{rel}","templated":true}]}}