{"id":280,"date":"2024-03-06T19:08:09","date_gmt":"2024-03-06T19:08:09","guid":{"rendered":"https:\/\/egesudergida.com\/?page_id=280"},"modified":"2024-03-06T19:08:09","modified_gmt":"2024-03-06T19:08:09","slug":"baharatlar","status":"publish","type":"page","link":"https:\/\/egesudergida.com\/?page_id=280","title":{"rendered":"Baharatlar"},"content":{"rendered":"\n<p>Lezzetin s\u0131rr\u0131 baharatlarda gizlidir! Sofralar\u0131m\u0131z\u0131 renklendiren, yemeklerimize karakter katan baharatlar\u0131m\u0131zla, damaklar\u0131n\u0131za unutulmaz bir tat sunuyoruz. Do\u011fadan ilham alarak \u00f6zenle se\u00e7ilmi\u015f baharatlar\u0131m\u0131z, yemeklerinizi zenginle\u015ftirirken aromalar\u0131yla da b\u00fcy\u00fcleyici bir deneyim sunar. Her bir baharat\u0131m\u0131z, mutfaklar\u0131n\u0131z\u0131 d\u00fcnya mutfa\u011f\u0131na ta\u015f\u0131yarak yarat\u0131c\u0131l\u0131\u011f\u0131n\u0131za katk\u0131da bulunur. En taze ve kaliteli baharatlar\u0131m\u0131zla, lezzetinizi m\u00fckemmelle\u015ftirmek i\u00e7in yan\u0131n\u0131zday\u0131z.<\/p>\n\n\n\n<hr class=\"wp-block-separator aligncenter has-alpha-channel-opacity\"\/>\n","protected":false},"excerpt":{"rendered":"<p>Lezzetin s\u0131rr\u0131 baharatlarda gizlidir! Sofralar\u0131m\u0131z\u0131 renklendiren, yemeklerimize karakter katan baharatlar\u0131m\u0131zla, damaklar\u0131n\u0131za unutulmaz bir tat sunuyoruz. Do\u011fadan ilham alarak \u00f6zenle se\u00e7ilmi\u015f baharatlar\u0131m\u0131z, yemeklerinizi zenginle\u015ftirirken aromalar\u0131yla da b\u00fcy\u00fcleyici bir deneyim sunar. Her bir baharat\u0131m\u0131z, mutfaklar\u0131n\u0131z\u0131 d\u00fcnya mutfa\u011f\u0131na ta\u015f\u0131yarak yarat\u0131c\u0131l\u0131\u011f\u0131n\u0131za katk\u0131da bulunur. En taze ve kaliteli baharatlar\u0131m\u0131zla, lezzetinizi m\u00fckemmelle\u015ftirmek i\u00e7in yan\u0131n\u0131zday\u0131z.<\/p>\n","protected":false},"author":1,"featured_media":0,"parent":0,"menu_order":0,"comment_status":"closed","ping_status":"closed","template":"","meta":{"footnotes":""},"class_list":["post-280","page","type-page","status-publish","hentry"],"_links":{"self":[{"href":"https:\/\/egesudergida.com\/index.php?rest_route=\/wp\/v2\/pages\/280","targetHints":{"allow":["GET"]}}],"collection":[{"href":"https:\/\/egesudergida.com\/index.php?rest_route=\/wp\/v2\/pages"}],"about":[{"href":"https:\/\/egesudergida.com\/index.php?rest_route=\/wp\/v2\/types\/page"}],"author":[{"embeddable":true,"href":"https:\/\/egesudergida.com\/index.php?rest_route=\/wp\/v2\/users\/1"}],"replies":[{"embeddable":true,"href":"https:\/\/egesudergida.com\/index.php?rest_route=%2Fwp%2Fv2%2Fcomments&post=280"}],"version-history":[{"count":1,"href":"https:\/\/egesudergida.com\/index.php?rest_route=\/wp\/v2\/pages\/280\/revisions"}],"predecessor-version":[{"id":281,"href":"https:\/\/egesudergida.com\/index.php?rest_route=\/wp\/v2\/pages\/280\/revisions\/281"}],"wp:attachment":[{"href":"https:\/\/egesudergida.com\/index.php?rest_route=%2Fwp%2Fv2%2Fmedia&parent=280"}],"curies":[{"name":"wp","href":"https:\/\/api.w.org\/{rel}","templated":true}]}}