{"id":274,"date":"2024-03-06T19:02:02","date_gmt":"2024-03-06T19:02:02","guid":{"rendered":"https:\/\/egesudergida.com\/?page_id=274"},"modified":"2024-03-06T19:02:02","modified_gmt":"2024-03-06T19:02:02","slug":"ithal-urunler-2","status":"publish","type":"page","link":"https:\/\/egesudergida.com\/?page_id=274","title":{"rendered":"\u0130thal \u00dcr\u00fcnler"},"content":{"rendered":"\n<p>Lezzeti d\u00fcnyay\u0131 aya\u011f\u0131n\u0131za getiriyoruz! \u0130thal g\u0131da \u00fcr\u00fcnleri kategorisinde uzman firmam\u0131z, d\u00fcnyan\u0131n d\u00f6rt bir yan\u0131ndan \u00f6zenle se\u00e7ilmi\u015f lezzetleri sizin i\u00e7in bir araya getiriyor. Y\u00fcksek kalite standartlar\u0131na sahip ithal \u00fcr\u00fcnlerimiz, \u00e7e\u015fitlilik ve \u00f6zg\u00fcn tatlar arayanlar\u0131n beklentilerini kar\u015f\u0131lamak \u00fczere tasarlanm\u0131\u015ft\u0131r. Sofralar\u0131n\u0131za k\u00fclt\u00fcrleraras\u0131 bir lezzet \u015f\u00f6leni sunmak ad\u0131na, en kaliteli ve \u00f6zel ithal g\u0131da \u00fcr\u00fcnlerini sizlere sunmaktan gurur duyuyoruz.<\/p>\n\n\n\n<hr class=\"wp-block-separator aligncenter has-alpha-channel-opacity\"\/>\n","protected":false},"excerpt":{"rendered":"<p>Lezzeti d\u00fcnyay\u0131 aya\u011f\u0131n\u0131za getiriyoruz! \u0130thal g\u0131da \u00fcr\u00fcnleri kategorisinde uzman firmam\u0131z, d\u00fcnyan\u0131n d\u00f6rt bir yan\u0131ndan \u00f6zenle se\u00e7ilmi\u015f lezzetleri sizin i\u00e7in bir araya getiriyor. Y\u00fcksek kalite standartlar\u0131na sahip ithal \u00fcr\u00fcnlerimiz, \u00e7e\u015fitlilik ve \u00f6zg\u00fcn tatlar arayanlar\u0131n beklentilerini kar\u015f\u0131lamak \u00fczere tasarlanm\u0131\u015ft\u0131r. Sofralar\u0131n\u0131za k\u00fclt\u00fcrleraras\u0131 bir lezzet \u015f\u00f6leni sunmak ad\u0131na, en kaliteli ve \u00f6zel ithal g\u0131da \u00fcr\u00fcnlerini sizlere sunmaktan gurur duyuyoruz.<\/p>\n","protected":false},"author":1,"featured_media":0,"parent":0,"menu_order":0,"comment_status":"closed","ping_status":"closed","template":"","meta":{"footnotes":""},"class_list":["post-274","page","type-page","status-publish","hentry"],"_links":{"self":[{"href":"https:\/\/egesudergida.com\/index.php?rest_route=\/wp\/v2\/pages\/274","targetHints":{"allow":["GET"]}}],"collection":[{"href":"https:\/\/egesudergida.com\/index.php?rest_route=\/wp\/v2\/pages"}],"about":[{"href":"https:\/\/egesudergida.com\/index.php?rest_route=\/wp\/v2\/types\/page"}],"author":[{"embeddable":true,"href":"https:\/\/egesudergida.com\/index.php?rest_route=\/wp\/v2\/users\/1"}],"replies":[{"embeddable":true,"href":"https:\/\/egesudergida.com\/index.php?rest_route=%2Fwp%2Fv2%2Fcomments&post=274"}],"version-history":[{"count":1,"href":"https:\/\/egesudergida.com\/index.php?rest_route=\/wp\/v2\/pages\/274\/revisions"}],"predecessor-version":[{"id":275,"href":"https:\/\/egesudergida.com\/index.php?rest_route=\/wp\/v2\/pages\/274\/revisions\/275"}],"wp:attachment":[{"href":"https:\/\/egesudergida.com\/index.php?rest_route=%2Fwp%2Fv2%2Fmedia&parent=274"}],"curies":[{"name":"wp","href":"https:\/\/api.w.org\/{rel}","templated":true}]}}