{"id":271,"date":"2024-03-06T18:55:29","date_gmt":"2024-03-06T18:55:29","guid":{"rendered":"https:\/\/egesudergida.com\/?page_id=271"},"modified":"2024-03-06T18:55:29","modified_gmt":"2024-03-06T18:55:29","slug":"kuruyemis","status":"publish","type":"page","link":"https:\/\/egesudergida.com\/?page_id=271","title":{"rendered":"Kuruyemi\u015f"},"content":{"rendered":"\n<p>Do\u011fadan gelen enerji ve lezzet! Kuruyemi\u015f \u00fcr\u00fcnlerimiz, sa\u011fl\u0131kl\u0131 at\u0131\u015ft\u0131rmal\u0131klar arayanlar\u0131n favorisi olmaya devam ediyor. \u0130ncir, ceviz, badem, kaju ve daha bir\u00e7ok \u00e7e\u015fitli kuruyemi\u015flerimizle, besleyici ve doyurucu bir at\u0131\u015ft\u0131rmal\u0131k se\u00e7ene\u011fi sunuyoruz. Her biri \u00f6zenle se\u00e7ilmi\u015f, kaliteli ve taze kuruyemi\u015flerimizle, g\u00fcn\u00fcn her an\u0131nda enerji dolu kalman\u0131z\u0131 sa\u011fl\u0131yoruz. Do\u011fan\u0131n lezzetini sofran\u0131za ta\u015f\u0131mak i\u00e7in sizleri bekliyoruz!<\/p>\n\n\n\n<hr class=\"wp-block-separator aligncenter has-alpha-channel-opacity\"\/>\n","protected":false},"excerpt":{"rendered":"<p>Do\u011fadan gelen enerji ve lezzet! Kuruyemi\u015f \u00fcr\u00fcnlerimiz, sa\u011fl\u0131kl\u0131 at\u0131\u015ft\u0131rmal\u0131klar arayanlar\u0131n favorisi olmaya devam ediyor. \u0130ncir, ceviz, badem, kaju ve daha bir\u00e7ok \u00e7e\u015fitli kuruyemi\u015flerimizle, besleyici ve doyurucu bir at\u0131\u015ft\u0131rmal\u0131k se\u00e7ene\u011fi sunuyoruz. Her biri \u00f6zenle se\u00e7ilmi\u015f, kaliteli ve taze kuruyemi\u015flerimizle, g\u00fcn\u00fcn her an\u0131nda enerji dolu kalman\u0131z\u0131 sa\u011fl\u0131yoruz. Do\u011fan\u0131n lezzetini sofran\u0131za ta\u015f\u0131mak i\u00e7in sizleri bekliyoruz!<\/p>\n","protected":false},"author":1,"featured_media":0,"parent":0,"menu_order":0,"comment_status":"closed","ping_status":"closed","template":"","meta":{"footnotes":""},"class_list":["post-271","page","type-page","status-publish","hentry"],"_links":{"self":[{"href":"https:\/\/egesudergida.com\/index.php?rest_route=\/wp\/v2\/pages\/271","targetHints":{"allow":["GET"]}}],"collection":[{"href":"https:\/\/egesudergida.com\/index.php?rest_route=\/wp\/v2\/pages"}],"about":[{"href":"https:\/\/egesudergida.com\/index.php?rest_route=\/wp\/v2\/types\/page"}],"author":[{"embeddable":true,"href":"https:\/\/egesudergida.com\/index.php?rest_route=\/wp\/v2\/users\/1"}],"replies":[{"embeddable":true,"href":"https:\/\/egesudergida.com\/index.php?rest_route=%2Fwp%2Fv2%2Fcomments&post=271"}],"version-history":[{"count":1,"href":"https:\/\/egesudergida.com\/index.php?rest_route=\/wp\/v2\/pages\/271\/revisions"}],"predecessor-version":[{"id":272,"href":"https:\/\/egesudergida.com\/index.php?rest_route=\/wp\/v2\/pages\/271\/revisions\/272"}],"wp:attachment":[{"href":"https:\/\/egesudergida.com\/index.php?rest_route=%2Fwp%2Fv2%2Fmedia&parent=271"}],"curies":[{"name":"wp","href":"https:\/\/api.w.org\/{rel}","templated":true}]}}