{"id":256,"date":"2024-03-06T19:12:09","date_gmt":"2024-03-06T19:12:09","guid":{"rendered":"https:\/\/egesudergida.com\/?page_id=256"},"modified":"2024-03-06T19:12:09","modified_gmt":"2024-03-06T19:12:09","slug":"sarkuteri-urunleri","status":"publish","type":"page","link":"https:\/\/egesudergida.com\/?page_id=256","title":{"rendered":"\u015eark\u00fcteri \u00dcr\u00fcnleri"},"content":{"rendered":"\n<p>\u015eark\u00fcteri lezzetleriyle sofralar\u0131n\u0131za \u00f6zel bir dokunu\u015f! Uzmanl\u0131k alan\u0131m\u0131zdaki \u015fark\u00fcteri \u00fcr\u00fcnleri, \u00f6zenle se\u00e7ilmi\u015f malzemeler ve ustaca i\u015f\u00e7ilikle haz\u0131rlan\u0131r. Salam, sucuk, jambon gibi enfes \u00fcr\u00fcnlerimiz, damaklar\u0131n\u0131za lezzet \u015f\u00f6leni ya\u015fat\u0131rken sofralar\u0131n\u0131za zarafet ve keyif kat\u0131yor. Kaliteden \u00f6d\u00fcn vermeyen anlay\u0131\u015f\u0131m\u0131zla, \u015fark\u00fcteri \u00fcr\u00fcnleri konusundaki beklentilerinizi en \u00fcst d\u00fczeyde kar\u015f\u0131lamak i\u00e7in buraday\u0131z.<\/p>\n\n\n\n<hr class=\"wp-block-separator aligncenter has-alpha-channel-opacity\"\/>\n","protected":false},"excerpt":{"rendered":"<p>\u015eark\u00fcteri lezzetleriyle sofralar\u0131n\u0131za \u00f6zel bir dokunu\u015f! Uzmanl\u0131k alan\u0131m\u0131zdaki \u015fark\u00fcteri \u00fcr\u00fcnleri, \u00f6zenle se\u00e7ilmi\u015f malzemeler ve ustaca i\u015f\u00e7ilikle haz\u0131rlan\u0131r. Salam, sucuk, jambon gibi enfes \u00fcr\u00fcnlerimiz, damaklar\u0131n\u0131za lezzet \u015f\u00f6leni ya\u015fat\u0131rken sofralar\u0131n\u0131za zarafet ve keyif kat\u0131yor. Kaliteden \u00f6d\u00fcn vermeyen anlay\u0131\u015f\u0131m\u0131zla, \u015fark\u00fcteri \u00fcr\u00fcnleri konusundaki beklentilerinizi en \u00fcst d\u00fczeyde kar\u015f\u0131lamak i\u00e7in buraday\u0131z.<\/p>\n","protected":false},"author":1,"featured_media":0,"parent":0,"menu_order":0,"comment_status":"closed","ping_status":"closed","template":"","meta":{"footnotes":""},"class_list":["post-256","page","type-page","status-publish","hentry"],"_links":{"self":[{"href":"https:\/\/egesudergida.com\/index.php?rest_route=\/wp\/v2\/pages\/256","targetHints":{"allow":["GET"]}}],"collection":[{"href":"https:\/\/egesudergida.com\/index.php?rest_route=\/wp\/v2\/pages"}],"about":[{"href":"https:\/\/egesudergida.com\/index.php?rest_route=\/wp\/v2\/types\/page"}],"author":[{"embeddable":true,"href":"https:\/\/egesudergida.com\/index.php?rest_route=\/wp\/v2\/users\/1"}],"replies":[{"embeddable":true,"href":"https:\/\/egesudergida.com\/index.php?rest_route=%2Fwp%2Fv2%2Fcomments&post=256"}],"version-history":[{"count":2,"href":"https:\/\/egesudergida.com\/index.php?rest_route=\/wp\/v2\/pages\/256\/revisions"}],"predecessor-version":[{"id":286,"href":"https:\/\/egesudergida.com\/index.php?rest_route=\/wp\/v2\/pages\/256\/revisions\/286"}],"wp:attachment":[{"href":"https:\/\/egesudergida.com\/index.php?rest_route=%2Fwp%2Fv2%2Fmedia&parent=256"}],"curies":[{"name":"wp","href":"https:\/\/api.w.org\/{rel}","templated":true}]}}