{"id":18,"date":"2024-03-05T13:47:56","date_gmt":"2024-03-05T13:47:56","guid":{"rendered":"https:\/\/egesudergida.com\/?page_id=18"},"modified":"2024-03-07T14:31:30","modified_gmt":"2024-03-07T14:31:30","slug":"urunlerimiz","status":"publish","type":"page","link":"https:\/\/egesudergida.com\/?page_id=18","title":{"rendered":"\u00dcr\u00fcnlerimiz"},"content":{"rendered":"\n<h2 class=\"wp-block-heading\"><\/h2>\n\n\n\n<p>Sizlere lezzetin, tazeli\u011fin ve kalitenin bir arada sunuldu\u011fu bir d\u00fcnya sunmaktan mutluluk duyuyoruz! Ege Suder G\u0131da olarak, g\u0131da sekt\u00f6r\u00fcndeki deneyimimizle, sizlere en kaliteli ve sa\u011fl\u0131kl\u0131 \u00fcr\u00fcnleri sunmak i\u00e7in buraday\u0131z.<\/p>\n\n\n\n<p>Web sitemizde sizler i\u00e7in \u00f6zenle se\u00e7ilmi\u015f, en taze ve do\u011fal malzemelerle \u00fcretilen birbirinden lezzetli g\u0131da \u00fcr\u00fcnleri bulacaks\u0131n\u0131z. Sa\u011fl\u0131kl\u0131 ya\u015fam tarz\u0131n\u0131za katk\u0131da bulunmak, damak zevkinizi en \u00fcst seviyeye \u00e7\u0131karmak i\u00e7in \u00e7al\u0131\u015f\u0131yoruz.<\/p>\n\n\n\n<p><strong>Bizimle Neden Al\u0131\u015fveri\u015f Yapmal\u0131s\u0131n\u0131z?<\/strong><\/p>\n\n\n\n<ol class=\"wp-block-list\">\n<li><strong>Kalite ve G\u00fcvence:<\/strong> \u00dcr\u00fcnlerimizin tamam\u0131, en iyi kalite standartlar\u0131na uygun olarak \u00fcretilir ve titizlikle kontrol edilir.<\/li>\n\n\n\n<li><strong>Taze ve Do\u011fal \u00dcr\u00fcnler:<\/strong> Do\u011fadan sofran\u0131za ula\u015fan \u00fcr\u00fcnlerimiz, tazeli\u011fi ve do\u011fall\u0131\u011f\u0131yla \u00f6ne \u00e7\u0131kar.<\/li>\n\n\n\n<li><strong>Geni\u015f \u00dcr\u00fcn Yelpazesi:<\/strong> Zengin \u00fcr\u00fcn \u00e7e\u015fitlili\u011fimizle her damak zevkine hitap ediyor, \u00f6zel g\u00fcnlerinizde veya g\u00fcnl\u00fck ya\u015fam\u0131n\u0131zda kullanabilece\u011finiz \u00fcr\u00fcnleri sunuyoruz.<\/li>\n\n\n\n<li><strong>H\u0131zl\u0131 ve G\u00fcvenilir Teslimat:<\/strong> Sipari\u015fleriniz, \u00f6zenle paketlenir ve en k\u0131sa s\u00fcrede kap\u0131n\u0131za ula\u015ft\u0131r\u0131l\u0131r.<\/li>\n\n\n\n<li><strong>M\u00fc\u015fteri Deste\u011fi:<\/strong> Her zaman yan\u0131n\u0131zday\u0131z! Herhangi bir soru, \u00f6neri veya \u015fikayetiniz i\u00e7in 7\/24 hizmet veren m\u00fc\u015fteri destek ekibimize ula\u015fabilirsiniz.<\/li>\n<\/ol>\n\n\n\n<div class=\"wp-block-group is-vertical is-layout-flex wp-container-core-group-is-layout-d6b9ab57 wp-block-group-is-layout-flex\"><\/div>\n\n\n\n<div class=\"wp-block-columns is-layout-flex wp-container-core-columns-is-layout-28f84493 wp-block-columns-is-layout-flex\">\n<div class=\"wp-block-column is-layout-flow wp-block-column-is-layout-flow\" style=\"flex-basis:100%\">\n<div class=\"wp-block-group is-layout-constrained wp-block-group-is-layout-constrained\">\n<div class=\"wp-block-columns is-layout-flex wp-container-core-columns-is-layout-28f84493 wp-block-columns-is-layout-flex\">\n<div class=\"wp-block-column is-vertically-aligned-center is-layout-flow wp-block-column-is-layout-flow\">\n<figure class=\"wp-block-image aligncenter size-full is-resized\"><a href=\"https:\/\/egesudergida.com\/?page_id=259\"><img decoding=\"async\" src=\"https:\/\/egesudergida.com\/wp-content\/uploads\/2024\/03\/kahvalti-1-1.jpeg\" alt=\"\" class=\"wp-image-162\" style=\"width:172px;height:auto\"\/><\/a><\/figure>\n\n\n\n<h3 class=\"wp-block-heading has-text-align-center has-inter-font-family has-upper-heading-font-size\" style=\"font-style:normal;font-weight:600\">Kahvalt\u0131l\u0131k \u00dcr\u00fcnler<\/h3>\n<\/div>\n\n\n\n<div class=\"wp-block-column is-vertically-aligned-center is-layout-flow wp-block-column-is-layout-flow\">\n<figure class=\"wp-block-image aligncenter size-full is-resized\"><a href=\"https:\/\/egesudergida.com\/?page_id=261\"><img loading=\"lazy\" decoding=\"async\" width=\"275\" height=\"183\" src=\"https:\/\/egesudergida.com\/wp-content\/uploads\/2024\/03\/et-ve-Sut-urunleri-3.jpeg\" alt=\"\" class=\"wp-image-152\" style=\"width:186px;height:auto\"\/><\/a><\/figure>\n\n\n\n<h3 class=\"wp-block-heading has-text-align-center has-inter-font-family has-upper-heading-font-size\" style=\"font-style:normal;font-weight:600\">Et ve S\u00fct \u00dcr\u00fcnleri<\/h3>\n<\/div>\n\n\n\n<div class=\"wp-block-column is-vertically-aligned-center is-layout-flow wp-block-column-is-layout-flow\">\n<figure class=\"wp-block-image aligncenter size-full is-resized\"><img loading=\"lazy\" decoding=\"async\" width=\"700\" height=\"465\" src=\"https:\/\/egesudergida.com\/wp-content\/uploads\/2024\/03\/donmus-urunler.jpg\" alt=\"\" class=\"wp-image-400\" style=\"width:178px;height:auto\" srcset=\"https:\/\/egesudergida.com\/wp-content\/uploads\/2024\/03\/donmus-urunler.jpg 700w, https:\/\/egesudergida.com\/wp-content\/uploads\/2024\/03\/donmus-urunler-300x199.jpg 300w\" sizes=\"auto, (max-width: 700px) 100vw, 700px\" \/><\/figure>\n\n\n\n<h3 class=\"wp-block-heading has-text-align-center has-inter-font-family has-upper-heading-font-size\" style=\"font-style:normal;font-weight:600\">Donmu\u015f G\u0131da \u00dcr\u00fcnleri<\/h3>\n<\/div>\n\n\n\n<div class=\"wp-block-column is-vertically-aligned-center is-layout-flow wp-block-column-is-layout-flow\">\n<figure class=\"wp-block-image aligncenter size-full is-resized\"><a href=\"https:\/\/egesudergida.com\/?page_id=271\"><img loading=\"lazy\" decoding=\"async\" width=\"1000\" height=\"679\" src=\"https:\/\/egesudergida.com\/wp-content\/uploads\/2024\/03\/kuruyemis-1.jpg\" alt=\"\" class=\"wp-image-153\" style=\"width:164px;height:auto\" srcset=\"https:\/\/egesudergida.com\/wp-content\/uploads\/2024\/03\/kuruyemis-1.jpg 1000w, https:\/\/egesudergida.com\/wp-content\/uploads\/2024\/03\/kuruyemis-1-300x204.jpg 300w, https:\/\/egesudergida.com\/wp-content\/uploads\/2024\/03\/kuruyemis-1-768x521.jpg 768w\" sizes=\"auto, (max-width: 1000px) 100vw, 1000px\" \/><\/a><\/figure>\n\n\n\n<h3 class=\"wp-block-heading has-text-align-center has-inter-font-family has-upper-heading-font-size\" style=\"font-style:normal;font-weight:600\">Kuruyemi\u015fler<\/h3>\n<\/div>\n<\/div>\n<\/div>\n<\/div>\n<\/div>\n\n\n\n<div class=\"wp-block-columns is-layout-flex wp-container-core-columns-is-layout-28f84493 wp-block-columns-is-layout-flex\">\n<div class=\"wp-block-column is-vertically-aligned-center is-layout-flow wp-block-column-is-layout-flow\">\n<figure class=\"wp-block-image aligncenter size-full\"><a href=\"https:\/\/egesudergida.com\/?page_id=274\"><img loading=\"lazy\" decoding=\"async\" width=\"768\" height=\"623\" src=\"https:\/\/egesudergida.com\/wp-content\/uploads\/2024\/03\/ithal-urunler-1.jpg\" alt=\"\" class=\"wp-image-155\" srcset=\"https:\/\/egesudergida.com\/wp-content\/uploads\/2024\/03\/ithal-urunler-1.jpg 768w, https:\/\/egesudergida.com\/wp-content\/uploads\/2024\/03\/ithal-urunler-1-300x243.jpg 300w\" sizes=\"auto, (max-width: 768px) 100vw, 768px\" \/><\/a><\/figure>\n\n\n\n<h3 class=\"wp-block-heading has-text-align-center has-inter-font-family has-upper-heading-font-size\" style=\"font-style:normal;font-weight:600\">\u0130thal \u00dcr\u00fcnler<\/h3>\n<\/div>\n\n\n\n<div class=\"wp-block-column is-vertically-aligned-center is-layout-flow wp-block-column-is-layout-flow\">\n<figure class=\"wp-block-image aligncenter size-full\"><a href=\"https:\/\/egesudergida.com\/?page_id=277\"><img loading=\"lazy\" decoding=\"async\" width=\"612\" height=\"408\" src=\"https:\/\/egesudergida.com\/wp-content\/uploads\/2024\/03\/temel-gida.jpeg\" alt=\"\" class=\"wp-image-164\" srcset=\"https:\/\/egesudergida.com\/wp-content\/uploads\/2024\/03\/temel-gida.jpeg 612w, https:\/\/egesudergida.com\/wp-content\/uploads\/2024\/03\/temel-gida-300x200.jpeg 300w\" sizes=\"auto, (max-width: 612px) 100vw, 612px\" \/><\/a><\/figure>\n\n\n\n<h3 class=\"wp-block-heading has-text-align-center has-inter-font-family has-upper-heading-font-size\" style=\"font-style:normal;font-weight:600\">Temel G\u0131da \u00dcr\u00fcnleri<\/h3>\n<\/div>\n\n\n\n<div class=\"wp-block-column is-vertically-aligned-center is-layout-flow wp-block-column-is-layout-flow\">\n<figure class=\"wp-block-image aligncenter size-full\"><a href=\"https:\/\/egesudergida.com\/?page_id=280\"><img loading=\"lazy\" decoding=\"async\" width=\"2560\" height=\"1707\" src=\"https:\/\/egesudergida.com\/wp-content\/uploads\/2024\/03\/pexels-julia-volk-5273033-scaled.jpg\" alt=\"\" class=\"wp-image-149\" srcset=\"https:\/\/egesudergida.com\/wp-content\/uploads\/2024\/03\/pexels-julia-volk-5273033-scaled.jpg 2560w, https:\/\/egesudergida.com\/wp-content\/uploads\/2024\/03\/pexels-julia-volk-5273033-300x200.jpg 300w, https:\/\/egesudergida.com\/wp-content\/uploads\/2024\/03\/pexels-julia-volk-5273033-1024x683.jpg 1024w, https:\/\/egesudergida.com\/wp-content\/uploads\/2024\/03\/pexels-julia-volk-5273033-768x512.jpg 768w, https:\/\/egesudergida.com\/wp-content\/uploads\/2024\/03\/pexels-julia-volk-5273033-1536x1024.jpg 1536w, https:\/\/egesudergida.com\/wp-content\/uploads\/2024\/03\/pexels-julia-volk-5273033-2048x1365.jpg 2048w\" sizes=\"auto, (max-width: 2560px) 100vw, 2560px\" \/><\/a><\/figure>\n\n\n\n<h3 class=\"wp-block-heading has-text-align-center has-inter-font-family has-upper-heading-font-size\" style=\"font-style:normal;font-weight:600\">Baharatlar<\/h3>\n<\/div>\n\n\n\n<div class=\"wp-block-column is-vertically-aligned-center is-layout-flow wp-block-column-is-layout-flow\">\n<figure class=\"wp-block-image aligncenter size-full\"><a href=\"https:\/\/egesudergida.com\/?page_id=256\" rel=\"\u015eark\u00fcteri \u00dcr\u00fcnleri\"><img loading=\"lazy\" decoding=\"async\" width=\"612\" height=\"408\" src=\"https:\/\/egesudergida.com\/wp-content\/uploads\/2024\/03\/sarkuteri-1.jpeg\" alt=\"\" class=\"wp-image-165\" srcset=\"https:\/\/egesudergida.com\/wp-content\/uploads\/2024\/03\/sarkuteri-1.jpeg 612w, https:\/\/egesudergida.com\/wp-content\/uploads\/2024\/03\/sarkuteri-1-300x200.jpeg 300w\" sizes=\"auto, (max-width: 612px) 100vw, 612px\" \/><\/a><\/figure>\n\n\n\n<h3 class=\"wp-block-heading has-text-align-center has-inter-font-family has-upper-heading-font-size\" style=\"font-style:normal;font-weight:600\">\u015eark\u00fcteri \u00dcr\u00fcnleri<\/h3>\n<\/div>\n<\/div>\n\n\n\n<div class=\"wp-block-columns is-layout-flex wp-container-core-columns-is-layout-28f84493 wp-block-columns-is-layout-flex\">\n<div class=\"wp-block-column is-layout-flow wp-block-column-is-layout-flow\">\n<figure class=\"wp-block-image aligncenter size-full is-resized\"><img loading=\"lazy\" decoding=\"async\" width=\"1300\" height=\"788\" src=\"https:\/\/egesudergida.com\/wp-content\/uploads\/2024\/03\/pide-ve-pizza.webp\" alt=\"\" class=\"wp-image-397\" style=\"width:224px;height:auto\" srcset=\"https:\/\/egesudergida.com\/wp-content\/uploads\/2024\/03\/pide-ve-pizza.webp 1300w, https:\/\/egesudergida.com\/wp-content\/uploads\/2024\/03\/pide-ve-pizza-300x182.webp 300w, https:\/\/egesudergida.com\/wp-content\/uploads\/2024\/03\/pide-ve-pizza-1024x621.webp 1024w, https:\/\/egesudergida.com\/wp-content\/uploads\/2024\/03\/pide-ve-pizza-768x466.webp 768w\" sizes=\"auto, (max-width: 1300px) 100vw, 1300px\" \/><\/figure>\n\n\n\n<h3 class=\"wp-block-heading has-text-align-center has-inter-font-family has-upper-heading-font-size\" style=\"font-style:normal;font-weight:600\">Unlu Mam\u00fcller<\/h3>\n<\/div>\n<\/div>\n","protected":false},"excerpt":{"rendered":"<p>Sizlere lezzetin, tazeli\u011fin ve kalitenin bir arada sunuldu\u011fu bir d\u00fcnya sunmaktan mutluluk duyuyoruz! Ege Suder G\u0131da olarak, g\u0131da sekt\u00f6r\u00fcndeki deneyimimizle, sizlere en kaliteli ve sa\u011fl\u0131kl\u0131 \u00fcr\u00fcnleri sunmak i\u00e7in buraday\u0131z. Web sitemizde sizler i\u00e7in \u00f6zenle se\u00e7ilmi\u015f, en taze ve do\u011fal malzemelerle \u00fcretilen birbirinden lezzetli g\u0131da \u00fcr\u00fcnleri bulacaks\u0131n\u0131z. Sa\u011fl\u0131kl\u0131 ya\u015fam tarz\u0131n\u0131za katk\u0131da bulunmak, damak zevkinizi en \u00fcst [&hellip;]<\/p>\n","protected":false},"author":1,"featured_media":0,"parent":0,"menu_order":0,"comment_status":"closed","ping_status":"closed","template":"","meta":{"footnotes":""},"class_list":["post-18","page","type-page","status-publish","hentry"],"_links":{"self":[{"href":"https:\/\/egesudergida.com\/index.php?rest_route=\/wp\/v2\/pages\/18","targetHints":{"allow":["GET"]}}],"collection":[{"href":"https:\/\/egesudergida.com\/index.php?rest_route=\/wp\/v2\/pages"}],"about":[{"href":"https:\/\/egesudergida.com\/index.php?rest_route=\/wp\/v2\/types\/page"}],"author":[{"embeddable":true,"href":"https:\/\/egesudergida.com\/index.php?rest_route=\/wp\/v2\/users\/1"}],"replies":[{"embeddable":true,"href":"https:\/\/egesudergida.com\/index.php?rest_route=%2Fwp%2Fv2%2Fcomments&post=18"}],"version-history":[{"count":14,"href":"https:\/\/egesudergida.com\/index.php?rest_route=\/wp\/v2\/pages\/18\/revisions"}],"predecessor-version":[{"id":314,"href":"https:\/\/egesudergida.com\/index.php?rest_route=\/wp\/v2\/pages\/18\/revisions\/314"}],"wp:attachment":[{"href":"https:\/\/egesudergida.com\/index.php?rest_route=%2Fwp%2Fv2%2Fmedia&parent=18"}],"curies":[{"name":"wp","href":"https:\/\/api.w.org\/{rel}","templated":true}]}}